{"id":263,"date":"2020-11-10T10:44:03","date_gmt":"2020-11-10T10:44:03","guid":{"rendered":"http:\/\/biocister.pt\/wp\/?page_id=263"},"modified":"2020-11-10T10:44:03","modified_gmt":"2020-11-10T10:44:03","slug":"politica-de-cookies","status":"publish","type":"page","link":"https:\/\/biocister.pt\/wp\/politica-de-cookies\/","title":{"rendered":"Pol\u00edtica de Cookies"},"content":{"rendered":"<h1>Quem somos<\/h1>\n<p>O endere\u00e7o do nosso site \u00e9: https:\/\/biocister.pt.<\/p>\n<p>A bioCISTER est\u00e1 empenhada em proteger a sua privacidade enquanto CLIENTE, bem como de todos os utilizadores dos seus sites e, como tal, recolhe apenas as informa\u00e7\u00f5es pessoais daqueles que as facultem voluntariamente, e assim tamb\u00e9m, apenas as utiliza para os fins para os quais foram fornecidas.<\/p>\n<p>Todos os dados recolhidos ser\u00e3o nesta pol\u00edtica catalogados de forma transparente e com integral respeito pelos direitos que assistem ao seu Titular.<\/p>\n<h2>Pol\u00edtica de Cookies<\/h2>\n<h3>1 \u2013 O que s\u00e3o Cookies<\/h3>\n<p>Cookie \u00e9 um pequeno arquivo que \u00e9 colocado no computador de quem nos visita atrav\u00e9s das nossas plataformas online e, serve para identificar o computador em quest\u00e3o. Esses arquivos n\u00e3o cont\u00eam nenhuma informa\u00e7\u00e3o pessoal e s\u00e3o utilizados exclusivamente por raz\u00f5es de seguran\u00e7a, para fins estat\u00edsticos e de promo\u00e7\u00e3o. No entanto, caso opte por n\u00e3o ativar os cookies nowebsite pode resultar na incapacidade de aceder a algumas \u00e1reas do site ou de receber informa\u00e7\u00e3o personalizada.<\/p>\n<p>Nos termos da Lei n.o 41\/2004 de 18 de agosto, o armazenamento de informa\u00e7\u00f5es e a possibilidade de acesso \u00e0 informa\u00e7\u00e3o armazenada no equipamento terminal de um utilizador (nomeadamente atrav\u00e9s de cookies) apenas s\u00e3o realizados pela bioCISTER caso o utilizador tenha dado o seu consentimento pr\u00e9vio e expresso \u00e0 instala\u00e7\u00e3o dos cookies no seu equipamento.<\/p>\n<p>Em caso de bloqueio ou n\u00e3o autoriza\u00e7\u00e3o para a utiliza\u00e7\u00e3o de cookies, n\u00e3o ser\u00e1 armazenado qualquer cookie no seu equipamento, n\u00e3o estando, no entanto, garantido total funcionamento do nosso website j\u00e1 que o utilizador poder\u00e1 ser impedido de retirar o m\u00e1ximo benef\u00edcio dos conte\u00fados disponibilizados. Por seguran\u00e7a, a sua autoriza\u00e7\u00e3o ser-lhe-\u00e1 pedida a cada novo acesso ao nosso website.<\/p>\n<h3>2 \u2013 Que Cookies Utilizamos<\/h3>\n<h4>Cookies Essenciais:<\/h4>\n<h5>Cookies T\u00e9cnicas<\/h5>\n<p>S\u00e3o cookies de sess\u00e3o, identifica\u00e7\u00e3o, configura\u00e7\u00e3o e registo, estritamente necess\u00e1rio para identificar e fornecer os servi\u00e7os solicitados.<\/p>\n<p>A informa\u00e7\u00e3o obtida atrav\u00e9s deles \u00e9 tratada apenas pela bioCISTER.<\/p>\n<h5>Cookies de An\u00e1lises:<\/h5>\n<p>S\u00e3o cookies de recolha para an\u00e1lise de dados de forma a melhorar o fornecimento de produtos ou servi\u00e7os, permitindo-nos, graficamente, quantificar o n\u00famero de utilizadores de forma a viabilizar uma an\u00e1lise estat\u00edstica do uso do servi\u00e7o oferecido. S\u00e3o dados tratados por n\u00f3s ou por terceiros (Google Analytics).<\/p>\n<p>A bioCISTER usa ainda:<\/p>\n<h5>Cookies de Funcionalidade:<\/h5>\n<p>S\u00e3o cookies que auxiliam a personaliza\u00e7\u00e3o e otimiza\u00e7\u00e3o da experi\u00eancia de utiliza\u00e7\u00e3o dos nossos websites baseando-se nas atividades de sess\u00f5es anteriores.<\/p>\n<h5>Cookies de Desempenho:<\/h5>\n<p>S\u00e3o cookies que nos ajudam a aferir a origem das visitas dos utilizadores dos nossos websites. Estas cookies permitem-nos, a an\u00e1lise com base em atividades anteriores, comunicar para utilizadores potencialmente interessados nos nossos servi\u00e7os. As informa\u00e7\u00f5es recolhidas atrav\u00e9s deste tipo de cookies permitem-nos analisar em que meios os nossos an\u00fancios online s\u00e3o mais eficazes.<\/p>\n<h5>Cookies para Segmenta\u00e7\u00e3o:<\/h5>\n<p>Estes cookies permitem apresentar an\u00fancios personalizados atrav\u00e9s da rede de Display da Google, permitindo otimizar a experi\u00eancia em fun\u00e7\u00e3o de visitas anteriores ao nosso website.<\/p>\n<h6>\u2022 Redes Sociais \/ Cookies de Remarketing:<\/h6>\n<p>Estes cookies permitem apresentar an\u00fancios personalizados atrav\u00e9s de redes sociais, Facebook, Instagram, LinkedIn ou outras, e do Google, permitindo otimizar a experi\u00eancia em fun\u00e7\u00e3o de visitas anteriores aos nossos websites.<\/p>\n<h3>3 \u2013 Como desativar um Cookie<\/h3>\n<p>A maioria dos navegadores, mostra como configurar o navegador (browser) de forma a poder permitir ou n\u00e3o o uso de Cookies.<\/p>\n<p>Para controlar o uso de Cookies, configure atrav\u00e9s do navegador (browser).<\/p>\n<h3>4 \u2013 Como configurar Cookies nos v\u00e1rios navegadores?<\/h3>\n<h5>Chrome:<\/h5>\n<p>https:\/\/support.google.com\/chrome\/answer\/95647?hl=pt<\/p>\n<h5>Firefox:<\/h5>\n<p>https:\/\/support.mozilla.org\/pt-BR\/kb\/cookies-informacoes-armazenadas-por-sites-em-seu-c<\/p>\n<h5>Explorer:<\/h5>\n<p>https:\/\/support.microsoft.com\/pt-pt\/help\/17442\/windows-internet-explorer-delete-manage-cookies<\/p>\n<h5>Safari:<\/h5>\n<p>https:\/\/translate.google.com\/translate?hl=en&#038;sl=en&#038;tl=pt&#038;u=http%3A%2F%2Fsupport.apple.com%2Fkb%2Fph5042&#038;sandbox=<\/p>\n<h5>Edge:<\/h5>\n<p>https:\/\/privacy.microsoft.com\/en-us\/windows-10-microsoft-edge-and-privacy<\/p>\n<h5>Opera:<\/h5>\n<p>https:\/\/www.opera.com\/help\/tutorials\/security\/privacy\/<\/p>\n","protected":false},"excerpt":{"rendered":"<p>Quem somos O endere\u00e7o do nosso site \u00e9: https:\/\/biocister.pt. A bioCISTER est\u00e1 empenhada em proteger a sua privacidade enquanto CLIENTE, bem como de todos os utilizadores dos seus sites e, como tal, recolhe apenas as informa\u00e7\u00f5es pessoais daqueles que as facultem voluntariamente, e assim tamb\u00e9m, apenas as utiliza para os fins para os quais foram [&hellip;]<\/p>\n","protected":false},"author":1,"featured_media":0,"parent":0,"menu_order":0,"comment_status":"closed","ping_status":"closed","template":"","meta":{"footnotes":""},"class_list":["post-263","page","type-page","status-publish","hentry"],"_links":{"self":[{"href":"https:\/\/biocister.pt\/wp\/wp-json\/wp\/v2\/pages\/263","targetHints":{"allow":["GET"]}}],"collection":[{"href":"https:\/\/biocister.pt\/wp\/wp-json\/wp\/v2\/pages"}],"about":[{"href":"https:\/\/biocister.pt\/wp\/wp-json\/wp\/v2\/types\/page"}],"author":[{"embeddable":true,"href":"https:\/\/biocister.pt\/wp\/wp-json\/wp\/v2\/users\/1"}],"replies":[{"embeddable":true,"href":"https:\/\/biocister.pt\/wp\/wp-json\/wp\/v2\/comments?post=263"}],"version-history":[{"count":2,"href":"https:\/\/biocister.pt\/wp\/wp-json\/wp\/v2\/pages\/263\/revisions"}],"predecessor-version":[{"id":265,"href":"https:\/\/biocister.pt\/wp\/wp-json\/wp\/v2\/pages\/263\/revisions\/265"}],"wp:attachment":[{"href":"https:\/\/biocister.pt\/wp\/wp-json\/wp\/v2\/media?parent=263"}],"curies":[{"name":"wp","href":"https:\/\/api.w.org\/{rel}","templated":true}]}}